{"id":17,"date":"2023-02-04T10:50:57","date_gmt":"2023-02-04T09:50:57","guid":{"rendered":"https:\/\/www.denebclub.it\/?page_id=17"},"modified":"2023-10-07T15:14:25","modified_gmt":"2023-10-07T13:14:25","slug":"home","status":"publish","type":"page","link":"https:\/\/www.denebclub.it\/?page_id=17","title":{"rendered":""},"content":{"rendered":"\n<h2 class=\"wp-block-heading has-text-color\" style=\"color:#0f005e\">Progetto educativo<\/h2>\n\n\n\n<p class=\"has-text-color\" style=\"color:#0f005e\">&lt;&lt;&nbsp; \u2026 <em>Deneb si propone di creare una rete di genitori accomunati da una viva sollecitudine per l\u2019educazione dei propri figli e di offrire a questi ultimi un ambiente esterno alla famiglia ma che ne condivida gli ideali, in cui ogni ragazzo possa coltivare relazioni costruttive, sentendosi confermato nel ruolo di protagonista della propria crescita \u2026&gt;&gt;<\/em><\/p>\n\n\n\n<p><\/p>\n\n\n\n<p class=\"has-text-color\" style=\"color:#0f005e\">Rendere ogni ragazzo l\u2019autentico <strong>protagonista<\/strong> della propria crescita e valorizzare le potenzialit\u00e0 positive delle sue <strong>relazioni<\/strong>. Punto di arrivo di ogni slancio educativo \u00e8 la singola persona, aiutata a sviluppare appieno tutte le proprie potenzialit\u00e0: &lt;&lt;<strong><em>ogni ragazzo al meglio si s\u00e9<\/em><\/strong> &gt;&gt; \u00e8 quindi la ragion d\u2019essere del Club.<\/p>\n\n\n\n<p class=\"has-text-color\" style=\"color:#0f005e\">Il club svolge la propria azione nell\u2019ambito del <strong>tempo libero<\/strong>, inteso come il tempo dell\u2019autonomia e della responsabilit\u00e0.<\/p>\n\n\n\n<p class=\"has-text-color\" style=\"color:#0f005e\">Al Deneb tutto \u00e8 formativo: ogni momento \u00e8 pensato per essere in linea con questo obiettivo.<\/p>\n\n\n\n<h2 class=\"wp-block-heading has-text-color has-large-font-size\" style=\"color:#0f005e\"><strong>I momenti<\/strong><\/h2>\n\n\n\n<figure class=\"wp-block-image size-large is-style-default\"><img loading=\"lazy\" decoding=\"async\" width=\"1024\" height=\"768\" src=\"https:\/\/www.denebclub.it\/wp-content\/uploads\/2023\/09\/DSC00966-1024x768.jpg\" alt=\"\" class=\"wp-image-403\" srcset=\"https:\/\/www.denebclub.it\/wp-content\/uploads\/2023\/09\/DSC00966-1024x768.jpg 1024w, https:\/\/www.denebclub.it\/wp-content\/uploads\/2023\/09\/DSC00966-300x225.jpg 300w, https:\/\/www.denebclub.it\/wp-content\/uploads\/2023\/09\/DSC00966-768x576.jpg 768w, https:\/\/www.denebclub.it\/wp-content\/uploads\/2023\/09\/DSC00966-1536x1152.jpg 1536w, https:\/\/www.denebclub.it\/wp-content\/uploads\/2023\/09\/DSC00966-2048x1536.jpg 2048w\" sizes=\"auto, (max-width: 1024px) 100vw, 1024px\" \/><figcaption class=\"wp-element-caption\"><strong>Studio<\/strong><br>Uno degli obiettivi strategici del Deneb \u00e8 favorire una crescita nella motivazione e nell\u2019efficacia dello studio.&nbsp;<br>Nelle attivit\u00e0 ordinarie infatti \u00e8 sempre previsto un&nbsp; consistente tempo dedicato allo svolgimento del lavoro scolastico, in un ambiente specificamente predisposto allo studio. Cardini di questi momenti sono: l\u2019impegno per mantenere un clima di concentrazione, la disponibilit\u00e0 dei tutor a insegnare metodi di studio efficaci, lo sviluppo del senso di responsabilit\u00e0 per la propria formazione culturale, un clima di rispetto e aiuto reciproco.<\/figcaption><\/figure>\n\n\n\n<figure class=\"wp-block-image size-large\"><img loading=\"lazy\" decoding=\"async\" width=\"1024\" height=\"685\" src=\"https:\/\/www.denebclub.it\/wp-content\/uploads\/2023\/09\/DSC_0963-1024x685.jpg\" alt=\"\" class=\"wp-image-456\" style=\"object-fit:cover\" srcset=\"https:\/\/www.denebclub.it\/wp-content\/uploads\/2023\/09\/DSC_0963-1024x685.jpg 1024w, https:\/\/www.denebclub.it\/wp-content\/uploads\/2023\/09\/DSC_0963-300x201.jpg 300w, https:\/\/www.denebclub.it\/wp-content\/uploads\/2023\/09\/DSC_0963-768x514.jpg 768w, https:\/\/www.denebclub.it\/wp-content\/uploads\/2023\/09\/DSC_0963-1536x1028.jpg 1536w, https:\/\/www.denebclub.it\/wp-content\/uploads\/2023\/09\/DSC_0963-2048x1371.jpg 2048w\" sizes=\"auto, (max-width: 1024px) 100vw, 1024px\" \/><figcaption class=\"wp-element-caption\"><strong>Merenda<\/strong><br>Momento essenziale in un pomeriggio intenso. Preparata a turno dalle mamme, aiuta il ragazzo che la porta per tutti a sperimentare il valore della generosit\u00e0 e dello spirito di servizio. Il clima conviviale che la caratterizza favorisce inoltre la reciproca conoscenza. Come ogni attivit\u00e0, al termine, sono gli stessi ragazzi che provvedono a riordino e pulizia, coordinati dai tutor.<\/figcaption><\/figure>\n\n\n\n<div class=\"wp-block-group has-global-padding is-layout-constrained wp-block-group-is-layout-constrained\">\n<div class=\"wp-block-group has-global-padding is-layout-constrained wp-block-group-is-layout-constrained\">\n<figure class=\"wp-block-image size-large\"><img loading=\"lazy\" decoding=\"async\" width=\"1024\" height=\"768\" src=\"https:\/\/www.denebclub.it\/wp-content\/uploads\/2023\/09\/DSC00960-1024x768.jpg\" alt=\"\" class=\"wp-image-448\" srcset=\"https:\/\/www.denebclub.it\/wp-content\/uploads\/2023\/09\/DSC00960-1024x768.jpg 1024w, https:\/\/www.denebclub.it\/wp-content\/uploads\/2023\/09\/DSC00960-300x225.jpg 300w, https:\/\/www.denebclub.it\/wp-content\/uploads\/2023\/09\/DSC00960-768x576.jpg 768w, https:\/\/www.denebclub.it\/wp-content\/uploads\/2023\/09\/DSC00960-1536x1152.jpg 1536w, https:\/\/www.denebclub.it\/wp-content\/uploads\/2023\/09\/DSC00960-2048x1536.jpg 2048w\" sizes=\"auto, (max-width: 1024px) 100vw, 1024px\" \/><figcaption class=\"wp-element-caption\"><strong>Conversazione<\/strong><br>Ingrediente immancabile di ogni giornata al Deneb \u00e8 un momento specificamente dedicato a motivare i ragazzi a sviluppare le qualit\u00e0 umane. Il tutor spiega ai ragazzi perch\u00e9 e come essere pi\u00f9 ordinati, studiosi, generosi, sinceri, socievoli, \u2026 evidenziando in concisi minuti il valore racchiuso in queste virt\u00f9 e qualche spunto per metterle in pratica.<\/figcaption><\/figure>\n<\/div>\n<\/div>\n\n\n\n<div class=\"wp-block-group has-global-padding is-layout-constrained wp-block-group-is-layout-constrained\">\n<figure class=\"wp-block-image size-large\"><img loading=\"lazy\" decoding=\"async\" width=\"1024\" height=\"768\" src=\"https:\/\/www.denebclub.it\/wp-content\/uploads\/2023\/09\/DSC01275-1024x768.jpg\" alt=\"\" class=\"wp-image-415\" srcset=\"https:\/\/www.denebclub.it\/wp-content\/uploads\/2023\/09\/DSC01275-1024x768.jpg 1024w, https:\/\/www.denebclub.it\/wp-content\/uploads\/2023\/09\/DSC01275-300x225.jpg 300w, https:\/\/www.denebclub.it\/wp-content\/uploads\/2023\/09\/DSC01275-768x576.jpg 768w, https:\/\/www.denebclub.it\/wp-content\/uploads\/2023\/09\/DSC01275-1536x1152.jpg 1536w, https:\/\/www.denebclub.it\/wp-content\/uploads\/2023\/09\/DSC01275-2048x1536.jpg 2048w\" sizes=\"auto, (max-width: 1024px) 100vw, 1024px\" \/><figcaption class=\"wp-element-caption\"><strong>Attivit\u00e0<\/strong><br>Le attivit\u00e0 pomeridiane, meritato momento di svago e di divertimento, vengono progettate per essere anche campo di crescita nelle qualit\u00e0 umane. Lealt\u00e0, ordine, correttezza, rispetto, sportivit\u00e0, \u2026 sono veicolate da tutor e istruttori nel modo stesso in cui le attivit\u00e0 vengono svolte.\u00a0<br>Una particolare attenzione \u00e8 rivolta al potenziamento delle abilit\u00e0 manuali, sia per il valore in s\u00e9 sia come mezzo per sviluppare la creativit\u00e0, l\u2019attenzione al lavoro ben fatto, la cura dei particolari, la continuit\u00e0 dell\u2019impegno su obiettivi a pi\u00f9 lungo termine.<br>Anche un semplice gioco di societ\u00e0, in un contesto di vita sempre pi\u00f9 virtuale, diventa un\u2019ottima occasione per la promozione di relazioni reali e di specifiche qualit\u00e0 come onest\u00e0, pazienza, iniziativa, imparare a vincere e a perdere con affabilit\u00e0. <a href=\"https:\/\/www.denebclub.it\/?page_id=39\">Scopri di pi\u00f9 sulle attivit\u00e0!<\/a><\/figcaption><\/figure>\n<\/div>\n\n\n\n<h2 class=\"wp-block-heading has-large-font-size\"><strong>I protagonisti del progetto<\/strong><\/h2>\n\n\n\n<figure class=\"wp-block-image size-large\"><img loading=\"lazy\" decoding=\"async\" width=\"1024\" height=\"768\" src=\"https:\/\/www.denebclub.it\/wp-content\/uploads\/2023\/09\/DSC00378-1024x768.jpg\" alt=\"\" class=\"wp-image-417\" srcset=\"https:\/\/www.denebclub.it\/wp-content\/uploads\/2023\/09\/DSC00378-1024x768.jpg 1024w, https:\/\/www.denebclub.it\/wp-content\/uploads\/2023\/09\/DSC00378-300x225.jpg 300w, https:\/\/www.denebclub.it\/wp-content\/uploads\/2023\/09\/DSC00378-768x576.jpg 768w, https:\/\/www.denebclub.it\/wp-content\/uploads\/2023\/09\/DSC00378-1536x1152.jpg 1536w, https:\/\/www.denebclub.it\/wp-content\/uploads\/2023\/09\/DSC00378-2048x1536.jpg 2048w\" sizes=\"auto, (max-width: 1024px) 100vw, 1024px\" \/><figcaption class=\"wp-element-caption\"><strong>Ragazzi<\/strong><br>I ragazzi sono resi consapevoli degli obiettivi del Deneb e sono chiamati sin dall\u2019inizio a condividerli liberamente.<\/figcaption><\/figure>\n\n\n\n<figure class=\"wp-block-image size-large\"><img loading=\"lazy\" decoding=\"async\" width=\"1024\" height=\"768\" src=\"https:\/\/www.denebclub.it\/wp-content\/uploads\/2023\/09\/DSC02208-1024x768.jpg\" alt=\"\" class=\"wp-image-401\" srcset=\"https:\/\/www.denebclub.it\/wp-content\/uploads\/2023\/09\/DSC02208-1024x768.jpg 1024w, https:\/\/www.denebclub.it\/wp-content\/uploads\/2023\/09\/DSC02208-300x225.jpg 300w, https:\/\/www.denebclub.it\/wp-content\/uploads\/2023\/09\/DSC02208-768x576.jpg 768w, https:\/\/www.denebclub.it\/wp-content\/uploads\/2023\/09\/DSC02208-1536x1152.jpg 1536w, https:\/\/www.denebclub.it\/wp-content\/uploads\/2023\/09\/DSC02208-2048x1536.jpg 2048w\" sizes=\"auto, (max-width: 1024px) 100vw, 1024px\" \/><figcaption class=\"wp-element-caption\"><strong>Genitori<\/strong><br>I genitori sono e rimangono i principali educatori dei propri figli. Deneb si offre nel dare continuit\u00e0 all\u2019impegno della famiglia attraverso una reale collaborazione educativa tra i genitori e i tutor. Chiave di volta dell\u2019efficacia del lavoro svolto al Club \u00e8 la condivisione di uno stesso progetto educativo. Per questo sono essenziali regolari colloqui tra genitori e tutor.<\/figcaption><\/figure>\n\n\n\n<figure class=\"wp-block-image size-large\"><img loading=\"lazy\" decoding=\"async\" width=\"1024\" height=\"768\" src=\"https:\/\/www.denebclub.it\/wp-content\/uploads\/2023\/09\/DSC03643-1-1024x768.jpg\" alt=\"\" class=\"wp-image-346\" srcset=\"https:\/\/www.denebclub.it\/wp-content\/uploads\/2023\/09\/DSC03643-1-1024x768.jpg 1024w, https:\/\/www.denebclub.it\/wp-content\/uploads\/2023\/09\/DSC03643-1-300x225.jpg 300w, https:\/\/www.denebclub.it\/wp-content\/uploads\/2023\/09\/DSC03643-1-768x576.jpg 768w, https:\/\/www.denebclub.it\/wp-content\/uploads\/2023\/09\/DSC03643-1-1536x1152.jpg 1536w, https:\/\/www.denebclub.it\/wp-content\/uploads\/2023\/09\/DSC03643-1-2048x1536.jpg 2048w\" sizes=\"auto, (max-width: 1024px) 100vw, 1024px\" \/><figcaption class=\"wp-element-caption\"><strong>Tutor<\/strong><br>Il tutor \u00e8 un giovane, maturo e specificamente formato che, come un fratello maggiore, favorisce nel ragazzo una spontanea e fiduciosa confidenza. Questo permette di orientare al meglio le potenzialit\u00e0 del ragazzo in uno spirito di personale libert\u00e0 e responsabilit\u00e0. Il Deneb fornisce anche tutta la formazione necessaria per svolgere al meglio questo delicato compito educativo acquisendo autonomia e iniziativa, sempre in accordo con la famiglia.<\/figcaption><\/figure>\n\n\n\n<figure class=\"wp-block-image size-large\"><img loading=\"lazy\" decoding=\"async\" width=\"951\" height=\"1024\" src=\"https:\/\/www.denebclub.it\/wp-content\/uploads\/2023\/09\/IMG_3279-1-951x1024.jpg\" alt=\"\" class=\"wp-image-447\" srcset=\"https:\/\/www.denebclub.it\/wp-content\/uploads\/2023\/09\/IMG_3279-1-951x1024.jpg 951w, https:\/\/www.denebclub.it\/wp-content\/uploads\/2023\/09\/IMG_3279-1-279x300.jpg 279w, https:\/\/www.denebclub.it\/wp-content\/uploads\/2023\/09\/IMG_3279-1-768x827.jpg 768w, https:\/\/www.denebclub.it\/wp-content\/uploads\/2023\/09\/IMG_3279-1-1426x1536.jpg 1426w, https:\/\/www.denebclub.it\/wp-content\/uploads\/2023\/09\/IMG_3279-1-1902x2048.jpg 1902w\" sizes=\"auto, (max-width: 951px) 100vw, 951px\" \/><figcaption class=\"wp-element-caption\"><strong>Istruttori<\/strong><br>Gli istruttori sono caratterizzati non solo dalle necessarie competenze specifiche della loro attivit\u00e0 ma anche dalla condivisione integrale del progetto educativo.<\/figcaption><\/figure>\n","protected":false},"excerpt":{"rendered":"<p>Progetto educativo &lt;&lt;&nbsp; \u2026 Deneb si propone di creare una rete di genitori accomunati da una viva sollecitudine per l\u2019educazione dei propri figli e di offrire a questi ultimi un ambiente esterno alla famiglia ma che ne condivida gli ideali, in cui ogni ragazzo possa coltivare relazioni costruttive, sentendosi confermato nel ruolo di protagonista della [&hellip;]<\/p>\n","protected":false},"author":1,"featured_media":0,"parent":0,"menu_order":0,"comment_status":"closed","ping_status":"closed","template":"","meta":{"inline_featured_image":false,"footnotes":""},"class_list":["post-17","page","type-page","status-publish","hentry"],"_links":{"self":[{"href":"https:\/\/www.denebclub.it\/index.php?rest_route=\/wp\/v2\/pages\/17","targetHints":{"allow":["GET"]}}],"collection":[{"href":"https:\/\/www.denebclub.it\/index.php?rest_route=\/wp\/v2\/pages"}],"about":[{"href":"https:\/\/www.denebclub.it\/index.php?rest_route=\/wp\/v2\/types\/page"}],"author":[{"embeddable":true,"href":"https:\/\/www.denebclub.it\/index.php?rest_route=\/wp\/v2\/users\/1"}],"replies":[{"embeddable":true,"href":"https:\/\/www.denebclub.it\/index.php?rest_route=%2Fwp%2Fv2%2Fcomments&post=17"}],"version-history":[{"count":22,"href":"https:\/\/www.denebclub.it\/index.php?rest_route=\/wp\/v2\/pages\/17\/revisions"}],"predecessor-version":[{"id":483,"href":"https:\/\/www.denebclub.it\/index.php?rest_route=\/wp\/v2\/pages\/17\/revisions\/483"}],"wp:attachment":[{"href":"https:\/\/www.denebclub.it\/index.php?rest_route=%2Fwp%2Fv2%2Fmedia&parent=17"}],"curies":[{"name":"wp","href":"https:\/\/api.w.org\/{rel}","templated":true}]}}