{"id":39,"date":"2023-08-22T11:24:15","date_gmt":"2023-08-22T09:24:15","guid":{"rendered":"https:\/\/www.denebclub.it\/?page_id=39"},"modified":"2023-10-07T15:26:09","modified_gmt":"2023-10-07T13:26:09","slug":"attivita","status":"publish","type":"page","link":"https:\/\/www.denebclub.it\/?page_id=39","title":{"rendered":"Attivit\u00e0"},"content":{"rendered":"\n<h2 class=\"wp-block-heading has-large-font-size\"><strong>Attivit\u00e0 in sede<\/strong><\/h2>\n\n\n\n<figure class=\"wp-block-image size-full\"><img loading=\"lazy\" decoding=\"async\" width=\"360\" height=\"360\" src=\"https:\/\/www.denebclub.it\/wp-content\/uploads\/2023\/09\/SFONDO-GRIGIO-SCURO-9.png\" alt=\"\" class=\"wp-image-191\" srcset=\"https:\/\/www.denebclub.it\/wp-content\/uploads\/2023\/09\/SFONDO-GRIGIO-SCURO-9.png 360w, https:\/\/www.denebclub.it\/wp-content\/uploads\/2023\/09\/SFONDO-GRIGIO-SCURO-9-300x300.png 300w, https:\/\/www.denebclub.it\/wp-content\/uploads\/2023\/09\/SFONDO-GRIGIO-SCURO-9-150x150.png 150w\" sizes=\"auto, (max-width: 360px) 100vw, 360px\" \/><figcaption class=\"wp-element-caption\"><strong>Pomeriggi<\/strong>: i pomeriggi sono strutturati in modo da armonizzare il giusto tempo dedicato allo studio e ad una&nbsp; attivit\u00e0 qualificante. Senza omettere una sostanziosa merenda e un breve e incisivo stimolo al miglioramento personale. <br>Ogni et\u00e0 ha a disposizione un pomeriggio della settimana, fisso per l&#8217;intero anno scolastico, in cui il ragazzo pu\u00f2 frequentare il club, dalle 15.00 alle 19.00<\/figcaption><\/figure>\n\n\n\n<h2 class=\"wp-block-heading has-large-font-size\"><strong>Attivit\u00e0 fuori sede<\/strong><\/h2>\n\n\n\n<figure class=\"wp-block-image size-large\"><img loading=\"lazy\" decoding=\"async\" width=\"1024\" height=\"768\" src=\"https:\/\/www.denebclub.it\/wp-content\/uploads\/2023\/09\/DSC02325-1024x768.jpg\" alt=\"\" class=\"wp-image-426\" srcset=\"https:\/\/www.denebclub.it\/wp-content\/uploads\/2023\/09\/DSC02325-1024x768.jpg 1024w, https:\/\/www.denebclub.it\/wp-content\/uploads\/2023\/09\/DSC02325-300x225.jpg 300w, https:\/\/www.denebclub.it\/wp-content\/uploads\/2023\/09\/DSC02325-768x576.jpg 768w, https:\/\/www.denebclub.it\/wp-content\/uploads\/2023\/09\/DSC02325-1536x1152.jpg 1536w, https:\/\/www.denebclub.it\/wp-content\/uploads\/2023\/09\/DSC02325-2048x1536.jpg 2048w\" sizes=\"auto, (max-width: 1024px) 100vw, 1024px\" \/><figcaption class=\"wp-element-caption\"><strong>Gite:<\/strong> ogni mese viene organizzata una gita per ampliare il campo delle proprie esperienze, condividere momenti speciali, fornire ulteriori occasioni di crescita.&nbsp;<br>Particolarmente efficaci sono le gite in montagna che fortificano i ragazzi in qualit\u00e0 come capacit\u00e0 organizzativa, resistenza alla fatica e alle condizioni atmosferiche, spirito di solidariet\u00e0; il tutto in un contesto di contatto diretto con la natura.<\/figcaption><\/figure>\n\n\n\n<figure class=\"wp-block-image size-large\"><img loading=\"lazy\" decoding=\"async\" width=\"1024\" height=\"683\" src=\"https:\/\/www.denebclub.it\/wp-content\/uploads\/2023\/10\/20230622080535_IMG_7317-1024x683.jpg\" alt=\"\" class=\"wp-image-487\" srcset=\"https:\/\/www.denebclub.it\/wp-content\/uploads\/2023\/10\/20230622080535_IMG_7317-1024x683.jpg 1024w, https:\/\/www.denebclub.it\/wp-content\/uploads\/2023\/10\/20230622080535_IMG_7317-300x200.jpg 300w, https:\/\/www.denebclub.it\/wp-content\/uploads\/2023\/10\/20230622080535_IMG_7317-768x512.jpg 768w, https:\/\/www.denebclub.it\/wp-content\/uploads\/2023\/10\/20230622080535_IMG_7317-1536x1024.jpg 1536w, https:\/\/www.denebclub.it\/wp-content\/uploads\/2023\/10\/20230622080535_IMG_7317.jpg 1920w\" sizes=\"auto, (max-width: 1024px) 100vw, 1024px\" \/><figcaption class=\"wp-element-caption\"><strong>Punto Giugno:<\/strong> terminata la scuola, i ragazzi possono passare con il Deneb l\u2019intera&nbsp;giornata, dal luned\u00ec al venerd\u00ec, dalle 8.30 alle 17.00. L&#8217;attivit\u00e0 si svolge interamente all&#8217;aperto, in un parco pubblico cittadino. Giochi, pratica di sport diversi, contatto con la natura, semplici su tante discipline sono gli ingredienti principali di queste due settimane.<\/figcaption><\/figure>\n\n\n\n<figure class=\"wp-block-image size-large\"><img loading=\"lazy\" decoding=\"async\" width=\"1024\" height=\"768\" src=\"https:\/\/www.denebclub.it\/wp-content\/uploads\/2023\/09\/DSC01693-1024x768.jpg\" alt=\"\" class=\"wp-image-428\" srcset=\"https:\/\/www.denebclub.it\/wp-content\/uploads\/2023\/09\/DSC01693-1024x768.jpg 1024w, https:\/\/www.denebclub.it\/wp-content\/uploads\/2023\/09\/DSC01693-300x225.jpg 300w, https:\/\/www.denebclub.it\/wp-content\/uploads\/2023\/09\/DSC01693-768x576.jpg 768w, https:\/\/www.denebclub.it\/wp-content\/uploads\/2023\/09\/DSC01693-1536x1152.jpg 1536w, https:\/\/www.denebclub.it\/wp-content\/uploads\/2023\/09\/DSC01693-2048x1536.jpg 2048w\" sizes=\"auto, (max-width: 1024px) 100vw, 1024px\" \/><figcaption class=\"wp-element-caption\"><strong>Campeggio:<\/strong> sono organizzati due campeggi, uno per i ragazzi che hanno terminato la III, IV o V elementare e uno per i ragazzi che hanno terminato la I, II o III media. Il campeggio \u00e8 particolarmente utile a sviluppare una maggiore autonomia, spirito di adattamento, capacit\u00e0 di superare le difficolt\u00e0 e rappresenta una forte spinta a costruire solide relazioni di amicizia. <\/figcaption><\/figure>\n\n\n\n<figure class=\"wp-block-image size-full\"><img loading=\"lazy\" decoding=\"async\" width=\"360\" height=\"360\" src=\"https:\/\/www.denebclub.it\/wp-content\/uploads\/2023\/09\/SFONDO-GRIGIO-SCURO-11.png\" alt=\"\" class=\"wp-image-193\" srcset=\"https:\/\/www.denebclub.it\/wp-content\/uploads\/2023\/09\/SFONDO-GRIGIO-SCURO-11.png 360w, https:\/\/www.denebclub.it\/wp-content\/uploads\/2023\/09\/SFONDO-GRIGIO-SCURO-11-300x300.png 300w, https:\/\/www.denebclub.it\/wp-content\/uploads\/2023\/09\/SFONDO-GRIGIO-SCURO-11-150x150.png 150w\" sizes=\"auto, (max-width: 360px) 100vw, 360px\" \/><figcaption class=\"wp-element-caption\"><strong>Trekking III media<\/strong>: i ragazzi che hanno concluso la terza media, al termine del campeggio, vivono alcuni giorni di trekking in uno splendido contesto alpino. Caratteristici di questo momento sono l\u2019interesse verso il mondo dei pi\u00f9 grandi e un forte slancio ad affrontare con entusiasmo e profondit\u00e0&nbsp;l&#8217;adolescenza.<\/figcaption><\/figure>\n\n\n\n<figure class=\"wp-block-image size-large\"><img loading=\"lazy\" decoding=\"async\" width=\"1024\" height=\"683\" src=\"https:\/\/www.denebclub.it\/wp-content\/uploads\/2023\/09\/20230622080535_IMG_7317-1024x683.jpg\" alt=\"\" class=\"wp-image-430\" srcset=\"https:\/\/www.denebclub.it\/wp-content\/uploads\/2023\/09\/20230622080535_IMG_7317-1024x683.jpg 1024w, https:\/\/www.denebclub.it\/wp-content\/uploads\/2023\/09\/20230622080535_IMG_7317-300x200.jpg 300w, https:\/\/www.denebclub.it\/wp-content\/uploads\/2023\/09\/20230622080535_IMG_7317-768x512.jpg 768w, https:\/\/www.denebclub.it\/wp-content\/uploads\/2023\/09\/20230622080535_IMG_7317-1536x1024.jpg 1536w, https:\/\/www.denebclub.it\/wp-content\/uploads\/2023\/09\/20230622080535_IMG_7317.jpg 1920w\" sizes=\"auto, (max-width: 1024px) 100vw, 1024px\" \/><figcaption class=\"wp-element-caption\"><strong>Punto settembre<\/strong>: la settimana prima della ripresa delle lezioni, il Deneb organizza una settimana in cui i ragazzi possono unire vari momenti, dalle 8.30 alle 17.00: completare i compiti aiutati dai tutor, partecipare a laboratori con attivit\u00e0 manuali, sport all&#8217;aria&nbsp;aperta&nbsp;e&nbsp;gioco.<\/figcaption><\/figure>\n","protected":false},"excerpt":{"rendered":"<p>Attivit\u00e0 in sede Attivit\u00e0 fuori sede<\/p>\n","protected":false},"author":1,"featured_media":0,"parent":0,"menu_order":0,"comment_status":"closed","ping_status":"closed","template":"","meta":{"inline_featured_image":false,"footnotes":""},"class_list":["post-39","page","type-page","status-publish","hentry"],"_links":{"self":[{"href":"https:\/\/www.denebclub.it\/index.php?rest_route=\/wp\/v2\/pages\/39","targetHints":{"allow":["GET"]}}],"collection":[{"href":"https:\/\/www.denebclub.it\/index.php?rest_route=\/wp\/v2\/pages"}],"about":[{"href":"https:\/\/www.denebclub.it\/index.php?rest_route=\/wp\/v2\/types\/page"}],"author":[{"embeddable":true,"href":"https:\/\/www.denebclub.it\/index.php?rest_route=\/wp\/v2\/users\/1"}],"replies":[{"embeddable":true,"href":"https:\/\/www.denebclub.it\/index.php?rest_route=%2Fwp%2Fv2%2Fcomments&post=39"}],"version-history":[{"count":15,"href":"https:\/\/www.denebclub.it\/index.php?rest_route=\/wp\/v2\/pages\/39\/revisions"}],"predecessor-version":[{"id":489,"href":"https:\/\/www.denebclub.it\/index.php?rest_route=\/wp\/v2\/pages\/39\/revisions\/489"}],"wp:attachment":[{"href":"https:\/\/www.denebclub.it\/index.php?rest_route=%2Fwp%2Fv2%2Fmedia&parent=39"}],"curies":[{"name":"wp","href":"https:\/\/api.w.org\/{rel}","templated":true}]}}