{"id":78,"date":"2023-08-24T16:28:47","date_gmt":"2023-08-24T14:28:47","guid":{"rendered":"https:\/\/www.denebclub.it\/?page_id=78"},"modified":"2023-09-16T22:13:48","modified_gmt":"2023-09-16T20:13:48","slug":"deneb-e-opus-dei","status":"publish","type":"page","link":"https:\/\/www.denebclub.it\/?page_id=78","title":{"rendered":""},"content":{"rendered":"\n<h2 class=\"wp-block-heading has-text-color\" style=\"color:#0f005e\">Deneb Club e Opus Dei<\/h2>\n\n\n\n<p><\/p>\n\n\n\n<div class=\"wp-block-group has-white-background-color has-background is-vertical is-content-justification-center is-layout-flex wp-container-core-group-is-layout-db6b11b7 wp-block-group-is-layout-flex\" style=\"min-height:0px;margin-top:0;margin-bottom:0;padding-right:0;padding-left:0\">\n<figure class=\"wp-block-image size-full\"><img loading=\"lazy\" decoding=\"async\" width=\"847\" height=\"477\" src=\"https:\/\/www.denebclub.it\/wp-content\/uploads\/2023\/08\/sJM-edited.jpg\" alt=\"\" class=\"wp-image-134\" style=\"object-fit:cover\" srcset=\"https:\/\/www.denebclub.it\/wp-content\/uploads\/2023\/08\/sJM-edited.jpg 847w, https:\/\/www.denebclub.it\/wp-content\/uploads\/2023\/08\/sJM-edited-300x169.jpg 300w, https:\/\/www.denebclub.it\/wp-content\/uploads\/2023\/08\/sJM-edited-768x433.jpg 768w\" sizes=\"auto, (max-width: 847px) 100vw, 847px\" \/><\/figure>\n\n\n\n<p>Il progetto educativo del club si basa su alcuni pilastri fondamentali, come l\u2019ispirazione ai valori della tradizione cristiana, secondo lo spirito di San Josemaria Escriv\u00e0, fondatore dell\u2019Opus Dei.<\/p>\n\n\n\n<p class=\"has-text-color\" style=\"color:#0f005e\">L\u2019<a href=\"https:\/\/opusdei.org\/it-it\/\">Opus Dei<\/a> \u00e8 una istituzione della Chiesa Cattolica, fondata nel 1928 da san Josemar\u00eca Escriv\u00e0, avente il fine specifico di aiutare tutte le persone che lo desiderano a vivere pienamente il Vangelo nelle realt\u00e0 ordinarie della vita: la famiglia, il lavoro, il tempo libero.<\/p>\n<\/div>\n\n\n\n<p><\/p>\n","protected":false},"excerpt":{"rendered":"<p>Deneb Club e Opus Dei Il progetto educativo del club si basa su alcuni pilastri fondamentali, come l\u2019ispirazione ai valori della tradizione cristiana, secondo lo spirito di San Josemaria Escriv\u00e0, fondatore dell\u2019Opus Dei. L\u2019Opus Dei \u00e8 una istituzione della Chiesa Cattolica, fondata nel 1928 da san Josemar\u00eca Escriv\u00e0, avente il fine specifico di aiutare tutte [&hellip;]<\/p>\n","protected":false},"author":1,"featured_media":0,"parent":0,"menu_order":0,"comment_status":"closed","ping_status":"closed","template":"","meta":{"inline_featured_image":false,"footnotes":""},"class_list":["post-78","page","type-page","status-publish","hentry"],"_links":{"self":[{"href":"https:\/\/www.denebclub.it\/index.php?rest_route=\/wp\/v2\/pages\/78","targetHints":{"allow":["GET"]}}],"collection":[{"href":"https:\/\/www.denebclub.it\/index.php?rest_route=\/wp\/v2\/pages"}],"about":[{"href":"https:\/\/www.denebclub.it\/index.php?rest_route=\/wp\/v2\/types\/page"}],"author":[{"embeddable":true,"href":"https:\/\/www.denebclub.it\/index.php?rest_route=\/wp\/v2\/users\/1"}],"replies":[{"embeddable":true,"href":"https:\/\/www.denebclub.it\/index.php?rest_route=%2Fwp%2Fv2%2Fcomments&post=78"}],"version-history":[{"count":10,"href":"https:\/\/www.denebclub.it\/index.php?rest_route=\/wp\/v2\/pages\/78\/revisions"}],"predecessor-version":[{"id":438,"href":"https:\/\/www.denebclub.it\/index.php?rest_route=\/wp\/v2\/pages\/78\/revisions\/438"}],"wp:attachment":[{"href":"https:\/\/www.denebclub.it\/index.php?rest_route=%2Fwp%2Fv2%2Fmedia&parent=78"}],"curies":[{"name":"wp","href":"https:\/\/api.w.org\/{rel}","templated":true}]}}